{"id":111,"date":"2024-12-22T15:27:32","date_gmt":"2024-12-22T15:27:32","guid":{"rendered":"https:\/\/tt-spirit.com\/?page_id=111"},"modified":"2025-01-07T13:59:58","modified_gmt":"2025-01-07T13:59:58","slug":"veteran-tournament","status":"publish","type":"page","link":"https:\/\/tt-spirit.com\/ro\/veteran-tournament\/","title":{"rendered":"INTERNATIONAL OPEN"},"content":{"rendered":"<div data-elementor-type=\"wp-page\" data-elementor-id=\"111\" class=\"elementor elementor-111\">\n\t\t\t\t<div class=\"elementor-element elementor-element-e8cbac9 e-con-full e-flex e-con e-parent\" data-id=\"e8cbac9\" data-element_type=\"container\" data-e-type=\"container\">\n\t\t\t\t<div class=\"elementor-element elementor-element-b753cd8 elementor-align-center elementor-widget__width-auto elementor-widget elementor-widget-button\" data-id=\"b753cd8\" data-element_type=\"widget\" data-e-type=\"widget\" data-widget_type=\"button.default\">\n\t\t\t\t<div class=\"elementor-widget-container\">\n\t\t\t\t\t\t\t\t\t<div class=\"elementor-button-wrapper\">\n\t\t\t\t\t<a class=\"elementor-button elementor-button-link elementor-size-sm\" href=\"\/ro\/about-us\/\">\n\t\t\t\t\t\t<span class=\"elementor-button-content-wrapper\">\n\t\t\t\t\t\t\t\t\t<span class=\"elementor-button-text\">INVITATIE LA B.O.<\/span>\n\t\t\t\t\t<\/span>\n\t\t\t\t\t<\/a>\n\t\t\t\t<\/div>\n\t\t\t\t\t\t\t\t<\/div>\n\t\t\t\t<\/div>\n\t\t\t\t<div class=\"elementor-element elementor-element-837fd43 elementor-align-center elementor-widget__width-auto elementor-widget elementor-widget-button\" data-id=\"837fd43\" data-element_type=\"widget\" data-e-type=\"widget\" data-widget_type=\"button.default\">\n\t\t\t\t<div class=\"elementor-widget-container\">\n\t\t\t\t\t\t\t\t\t<div class=\"elementor-button-wrapper\">\n\t\t\t\t\t<a class=\"elementor-button elementor-button-link elementor-size-sm\" href=\"\/ro\/information\/\">\n\t\t\t\t\t\t<span class=\"elementor-button-content-wrapper\">\n\t\t\t\t\t\t\t\t\t<span class=\"elementor-button-text\">INFORMATII<\/span>\n\t\t\t\t\t<\/span>\n\t\t\t\t\t<\/a>\n\t\t\t\t<\/div>\n\t\t\t\t\t\t\t\t<\/div>\n\t\t\t\t<\/div>\n\t\t\t\t<div class=\"elementor-element elementor-element-b903f59 elementor-align-center elementor-widget__width-auto elementor-widget elementor-widget-button\" data-id=\"b903f59\" data-element_type=\"widget\" data-e-type=\"widget\" data-widget_type=\"button.default\">\n\t\t\t\t<div class=\"elementor-widget-container\">\n\t\t\t\t\t\t\t\t\t<div class=\"elementor-button-wrapper\">\n\t\t\t\t\t<a class=\"elementor-button elementor-button-link elementor-size-sm\" href=\"\/ro\/tournament-registration\/\">\n\t\t\t\t\t\t<span class=\"elementor-button-content-wrapper\">\n\t\t\t\t\t\t\t\t\t<span class=\"elementor-button-text\">B.O. \u00ceNSCRIERI<\/span>\n\t\t\t\t\t<\/span>\n\t\t\t\t\t<\/a>\n\t\t\t\t<\/div>\n\t\t\t\t\t\t\t\t<\/div>\n\t\t\t\t<\/div>\n\t\t\t\t<div class=\"elementor-element elementor-element-3616d10 elementor-align-center elementor-widget__width-auto elementor-widget elementor-widget-button\" data-id=\"3616d10\" data-element_type=\"widget\" data-e-type=\"widget\" data-widget_type=\"button.default\">\n\t\t\t\t<div class=\"elementor-widget-container\">\n\t\t\t\t\t\t\t\t\t<div class=\"elementor-button-wrapper\">\n\t\t\t\t\t<a class=\"elementor-button elementor-button-link elementor-size-sm\" href=\"\/ro\/accomodations\/\">\n\t\t\t\t\t\t<span class=\"elementor-button-content-wrapper\">\n\t\t\t\t\t\t\t\t\t<span class=\"elementor-button-text\">CAZARE<\/span>\n\t\t\t\t\t<\/span>\n\t\t\t\t\t<\/a>\n\t\t\t\t<\/div>\n\t\t\t\t\t\t\t\t<\/div>\n\t\t\t\t<\/div>\n\t\t\t\t<div class=\"elementor-element elementor-element-3a0432a elementor-align-center elementor-widget__width-auto elementor-widget elementor-widget-button\" data-id=\"3a0432a\" data-element_type=\"widget\" data-e-type=\"widget\" data-widget_type=\"button.default\">\n\t\t\t\t<div class=\"elementor-widget-container\">\n\t\t\t\t\t\t\t\t\t<div class=\"elementor-button-wrapper\">\n\t\t\t\t\t<a class=\"elementor-button elementor-button-link elementor-size-sm\" href=\"\/ro\/results\/\">\n\t\t\t\t\t\t<span class=\"elementor-button-content-wrapper\">\n\t\t\t\t\t\t\t\t\t<span class=\"elementor-button-text\">REZULTATE<\/span>\n\t\t\t\t\t<\/span>\n\t\t\t\t\t<\/a>\n\t\t\t\t<\/div>\n\t\t\t\t\t\t\t\t<\/div>\n\t\t\t\t<\/div>\n\t\t\t\t<div class=\"elementor-element elementor-element-fa0be47 elementor-widget elementor-widget-text-editor\" data-id=\"fa0be47\" data-element_type=\"widget\" data-e-type=\"widget\" data-widget_type=\"text-editor.default\">\n\t\t\t\t<div class=\"elementor-widget-container\">\n\t\t\t\t\t\t\t\t\t<p><strong><u>\u00a0<\/u><\/strong><\/p><p>\u00a0<\/p><p>\u00a0<\/p><p><strong><u>INVITA\u0162IE<\/u><\/strong><\/p><p>Bucharest Veterans (Masters) Table Tennis Open Tournament<\/p><p>August 22-24, 2025<\/p><p><strong><u>ORGANIZATOR<\/u><\/strong><\/p><p>Echipa de organizare TT-SPIRIT<\/p><p><strong><u>DIRECTORII DE TURNE \u0219i INFORMA\u021aII DE CONTACT<\/u><\/strong><\/p><ul><li>Murat Eri\u015f\u00a0\u00a0\u00a0\u00a0\u00a0\u00a0\u00a0\u00a0\u00a0\u00a0\u00a0\u00a0\u00a0\u00a0\u00a0\u00a0\u00a0\u00a0\u00a0\u00a0\u00a0\u00a0\u00a0\u00a0\u00a0\u00a0\u00a0\u00a0 : +40 730 002 939<\/li><li>Andrei Macarenco\u00a0\u00a0\u00a0\u00a0\u00a0\u00a0\u00a0\u00a0\u00a0\u00a0\u00a0\u00a0\u00a0\u00a0\u00a0 : +40 770 302 990<\/li><li>Email\u00a0\u00a0\u00a0\u00a0\u00a0\u00a0\u00a0\u00a0\u00a0\u00a0\u00a0\u00a0\u00a0\u00a0\u00a0\u00a0\u00a0\u00a0\u00a0\u00a0\u00a0\u00a0\u00a0\u00a0\u00a0\u00a0\u00a0\u00a0\u00a0\u00a0\u00a0\u00a0\u00a0\u00a0\u00a0\u00a0\u00a0\u00a0 : info@tt-spirit.com<\/li><\/ul><p><strong><u>LOCATIE<\/u><\/strong><\/p><p>Turneul se va desf\u0103\u0219ura la Sala Sporturilor SUN PLAZA SHOPPING MALL, situat\u0103 la 23,2 km de Aeroportul Interna\u021bional Henri Coanda. Loca\u021bia este u\u0219or accesibil\u0103 prin sta\u021bia de metrou Pia\u021ba Sudului de la nivelul -1 al mall-ului. Pentru rutele \u0219i orarele trenurilor Metrorex, vizita\u021bi <a href=\"http:\/\/www.metrorex.ro\">www.metrorex.ro<\/a><\/p><p><strong><u>PREZENTAREA GENERALA A TURNEULUI<\/u><\/strong><\/p><p>Scopul nostru este s\u0103 oferim un turneu interna\u021bional de veterani (mae\u0219tri) de nivel \u00eenalt, cu facilit\u0103\u021bi excep\u021bionale:<\/p><ul><li>Caracteristici ale arenei:<ul><li>16 mese KBS (extensibil la 20 de tabele)<\/li><li>Pardoseli cu parchet<\/li><\/ul><\/li><li>Finalele pentru toate categoriile de v\u00e2rst\u0103 vor avea loc duminic\u0103 simultan.<\/li><li>Sunt aranjate caz\u0103ri speciale pentru participan\u021bi la un hotel partener.<\/li><\/ul><p><strong><u>CATEGORII<\/u><\/strong><\/p><p>Categoria de deschidere<\/p><ul><li>(Nu este limita de v\u00e2rst\u0103)<\/li><\/ul><p>Categorii de v\u00e2rst\u0103 pentru veterani (mae\u0219tri):<\/p><ul><li>30-39 de ani (n\u0103scut \u00een 1995 sau mai devreme)<\/li><li>40-49 de ani (n\u0103scut \u00een 1985 sau mai devreme)<\/li><li>50-59 de ani (n\u0103scut \u00een 1975 sau mai devreme)<\/li><li>60-69 de ani (n\u0103scut \u00een 1965 sau mai devreme)<\/li><li>70+ ani (n\u0103scut \u00een 1955 sau mai devreme)<\/li><\/ul><p><strong><u>EVENTS<\/u><\/strong><\/p><ul><li>Masculin Open \u0219i veterani (Masters) Simplu Masculin<\/li><li>Femei Open \u0219i veterani (Masters) Simplu Feminin<\/li><li>Doubles Open<\/li><li>Veterani (Masters) - dublu - masculin \u0219i Veterani (Masters) - dublu - feminin<\/li><li>Mixed Doubles (players born in 1995 or earlier)<\/li><\/ul><p><strong><u>Ghid de participare:<\/u><\/strong><\/p><ul><li>Juc\u0103torii trebuie s\u0103 concureze \u00een categoriile de v\u00e2rst\u0103 respective, cu excep\u021bia evenimentelor de dublu.<\/li><li>Echipele de dublu vor concura la categoria de v\u00e2rst\u0103 a partenerului mai t\u00e2n\u0103r.<\/li><li>Partenerii \u00eenlocuitori pot fi furniza\u021bi de c\u0103tre organizatori, dac\u0103 sunt disponibili.<\/li><li>\u00cen cazul unui num\u0103r limitat de participan\u021bi la o categorie, grupurile de v\u00e2rst\u0103 pot fi combinate.<\/li><li>Comitetul de Organizare \u00ee\u0219i rezerv\u0103 dreptul de a modifica evenimentele f\u0103r\u0103 notificare prealabil\u0103.<\/li><\/ul><p><strong><u>\u00ceNSCRIERI<\/u><\/strong><\/p><ul><li>Site-ul web\u00a0\u00a0\u00a0\u00a0\u00a0\u00a0\u00a0\u00a0\u00a0\u00a0\u00a0\u00a0\u00a0\u00a0\u00a0\u00a0\u00a0\u00a0: <a href=\"https:\/\/tt-spirit.com\/ro\/\">www.tt-spirit.com<\/a><\/li><li>Deadline\u00a0\u00a0\u00a0\u00a0\u00a0\u00a0\u00a0\u00a0\u00a0\u00a0\u00a0\u00a0\u00a0\u00a0\u00a0\u00a0 : August 1, 2025<\/li><\/ul><p>Late registrations may be accepted if the limits are available.<\/p><p><strong><u>TAXE DE PARTICIPARE<\/u><\/strong><\/p><ul><li>Categorie deschis\u0103                     : 30 EUR\/juc\u0103tor<\/li><li>All Other Categories\u00a0\u00a0\u00a0\u00a0\u00a0\u00a0\u00a0\u00a0\u00a0\u00a0\u00a0\u00a0 : \u20ac70\/player (one-time payment for all categories)<\/li><\/ul><p><strong><u>LIMIT\u0102RI<\/u><\/strong><\/p><p>\u00cen cazul unui num\u0103r limitat de participan\u021bi \u00eentr-o categorie, pot fi f\u0103cute ajust\u0103ri pentru a asigura oportunit\u0103\u021bi maxime de joc pentru to\u021bi participan\u021bii. Organizatorii pot revizui orarele \u0219i formatele dup\u0103 cum este necesar.<\/p><p><strong><u>PROCEDURI DE TRAGERE<\/u><\/strong><\/p><ul><li>Tragerea la sor\u021bi va avea loc \u00eenainte de fiecare eveniment.<\/li><li>Juc\u0103torii trebuie s\u0103 se prezinte organizatorilor cu cel pu\u021bin 60 de minute \u00eenainte de eveniment.<\/li><li>Programele, listele de juc\u0103tori \u0219i extragerile vor fi disponibile online la <a href=\"https:\/\/tt-spirit.com\/ro\/\">www.tt-spirit.com<\/a><\/li><li>Juc\u0103torii care doresc s\u0103 intre \u00een evenimentul de Consolare trebuie s\u0103 indice acest lucru pe foaia cu rezultatele calific\u0103rii.<\/li><\/ul><p><strong><u>TRANSMISIE IN DIRECT<\/u><\/strong><\/p><p>Turneul va fi transmis \u00een direct de pe site-ul nostru <a href=\"https:\/\/tt-spirit.com\/ro\/\">www.tt-spirit.com<\/a><\/p><p><strong><u>PROGRAM<\/u><\/strong><\/p><ul><li>Vineri, 22 August 2025:<ul><li>09:00 \u2013 Turneu deschis (p\u00e2n\u0103 \u00een semifinale)<\/li><\/ul><\/li><li>S\u00e2mb\u0103t\u0103, 23 August 2025:<ul><li>09:00 \u2013 Categorii de v\u00e2rst\u0103 Meciuri pe grupe<\/li><li>13:00 \u2013 Categorii de v\u00e2rst\u0103 Dublu Grupe Meciuri<\/li><li>15:30 \u2013 Meciuri de eliminare a categoriilor de v\u00e2rst\u0103<\/li><\/ul><\/li><li>Duminic\u0103, 24 August 2025:<ul><li>09:00 \u2013 Meciuri eliminatorii de dublu<\/li><li>10:00 \u2013 Meciuri de eliminare a categoriilor de v\u00e2rst\u0103<\/li><li>13:00 \u2013 Semifinale \u0219i finale<\/li><\/ul><\/li><\/ul><p><em>Comitetul de Organizare \u00ee\u0219i rezerv\u0103 dreptul de a modifica programul dup\u0103 caz.<\/em><\/p><p><strong><u>TENIS DE MAS\u0102<\/u><\/strong><\/p><ul><li>Official Balls\u00a0\u00a0\u00a0\u00a0\u00a0\u00a0\u00a0\u00a0\u00a0 : KBS, ITTF-approved (***)<\/li><li>Tables\u00a0\u00a0\u00a0\u00a0\u00a0\u00a0\u00a0\u00a0\u00a0\u00a0\u00a0\u00a0\u00a0\u00a0\u00a0\u00a0\u00a0\u00a0\u00a0\u00a0 : KBS, ITTF-approved, 25 mm<\/li><\/ul><p><strong><u>FORMATUL TURNEULUI \u0218I REGULAMENTUL<\/u><\/strong><\/p><ul><li>Juc\u0103torii vor fi grupa\u021bi pentru meciurile preliminare \u201eround-robin\u201d, cu 3-4 juc\u0103tori pe grup\u0103.<\/li><li>Players from the same club will be separated unless there are more players than groups.<\/li><li>Primii doi juc\u0103tori din fiecare grup\u0103 avanseaz\u0103 \u00een finala \u201eA\u201d. Juc\u0103torii de pe locurile trei \u0219i patru vor concura \u00eentr-un turneu de consolare folosind un format de eliminare cu o singur\u0103 pierdere.<\/li><li>\u00cen turneul deschis nu vor fi meciuri de Consolare.<\/li><li>Finals draws are generated via ITTF-licensed software (<a href=\"http:\/\/www.tournamentsoftware.com\">www.tournamentsoftware.com<\/a>).<\/li><li>Meciurile se vor juca ca cel mai bun din cinci jocuri la toate categoriile.<\/li><\/ul><p><strong><u>PREMII<\/u><\/strong><\/p><ul><li><strong><u>Categorii deschise b\u0103rba\u021bi\/femei:<\/u><\/strong><ul><li>1st Place : Prize money, cup, medal, and gifts<\/li><li>Locul 2              : Premii \u00een bani, medalii \u0219i cadouri<\/li><li>3rd Place (x2)\u00a0\u00a0\u00a0\u00a0\u00a0\u00a0 : Prize money, medal, and gifts<\/li><\/ul><\/li><li><strong><u>Veterani b\u0103rba\u021bi\/femei simplu \u0219i dublu:<\/u><\/strong><ul><li>1st Place : Cup, medal, and gifts<\/li><li>Locul 2               : Medalie \u0219i cadouri<\/li><li>3rd Place (x2)\u00a0\u00a0\u00a0\u00a0\u00a0\u00a0 : Medal and gifts<\/li><\/ul><\/li><\/ul><p><strong><u>CAZARE SI MASA<\/u><\/strong><\/p><p>Detalii despre hotelurile partenere \u0219i aranjamentele pentru cin\u0103 vor fi anun\u021bate \u00een cur\u00e2nd.<\/p><p><strong><u>CAFENEA \u00ceN AREN\u0102<\/u><\/strong><\/p><p>La loca\u021bie va fi disponibil\u0103 o cantin\u0103 pe tot parcursul turneului.<\/p><p>We look forward to welcoming you to Bucharest for the inaugural Bucharest Veteran Open 2025. Let us make this event an unforgettable experience for all participants and spectators!<\/p><p class=\"translation-block\">Cu stim\u0103,<br>Echipa de organizare<\/p><p><strong><u>\u00a0<\/u><\/strong><\/p>\t\t\t\t\t\t\t\t<\/div>\n\t\t\t\t<\/div>\n\t\t\t\t<\/div>\n\t\t\t\t<\/div>","protected":false},"excerpt":{"rendered":"<p>INVITATION TO B.O. INFORMATION B.O. REGISTRATIONS ACCOMODATIONS RESULTS \u00a0 \u00a0 \u00a0 INVITATION Bucharest Veterans (Masters) Table Tennis Open Tournament August 22-24, 2025 ORGANIZER TT-SPIRIT Organization Team TOURNAMENT DIRECTORS &amp; CONTACT INFORMATION Murat Eri\u015f\u00a0\u00a0\u00a0\u00a0\u00a0\u00a0\u00a0\u00a0\u00a0\u00a0\u00a0\u00a0\u00a0\u00a0\u00a0\u00a0\u00a0\u00a0\u00a0\u00a0\u00a0\u00a0\u00a0\u00a0\u00a0\u00a0\u00a0\u00a0 : +40 730 002 939 Andrei Macarenco\u00a0\u00a0\u00a0\u00a0\u00a0\u00a0\u00a0\u00a0\u00a0\u00a0\u00a0\u00a0\u00a0\u00a0\u00a0 : +40 770 302 990 Email\u00a0\u00a0\u00a0\u00a0\u00a0\u00a0\u00a0\u00a0\u00a0\u00a0\u00a0\u00a0\u00a0\u00a0\u00a0\u00a0\u00a0\u00a0\u00a0\u00a0\u00a0\u00a0\u00a0\u00a0\u00a0\u00a0\u00a0\u00a0\u00a0\u00a0\u00a0\u00a0\u00a0\u00a0\u00a0\u00a0\u00a0\u00a0 : info@tt-spirit.com VENUE The tournament will be held at [&hellip;]<\/p>\n","protected":false},"author":1,"featured_media":0,"parent":0,"menu_order":0,"comment_status":"closed","ping_status":"closed","template":"","meta":{"footnotes":""},"class_list":["post-111","page","type-page","status-publish","hentry"],"blocksy_meta":[],"_links":{"self":[{"href":"https:\/\/tt-spirit.com\/ro\/wp-json\/wp\/v2\/pages\/111","targetHints":{"allow":["GET"]}}],"collection":[{"href":"https:\/\/tt-spirit.com\/ro\/wp-json\/wp\/v2\/pages"}],"about":[{"href":"https:\/\/tt-spirit.com\/ro\/wp-json\/wp\/v2\/types\/page"}],"author":[{"embeddable":true,"href":"https:\/\/tt-spirit.com\/ro\/wp-json\/wp\/v2\/users\/1"}],"replies":[{"embeddable":true,"href":"https:\/\/tt-spirit.com\/ro\/wp-json\/wp\/v2\/comments?post=111"}],"version-history":[{"count":36,"href":"https:\/\/tt-spirit.com\/ro\/wp-json\/wp\/v2\/pages\/111\/revisions"}],"predecessor-version":[{"id":1783,"href":"https:\/\/tt-spirit.com\/ro\/wp-json\/wp\/v2\/pages\/111\/revisions\/1783"}],"wp:attachment":[{"href":"https:\/\/tt-spirit.com\/ro\/wp-json\/wp\/v2\/media?parent=111"}],"curies":[{"name":"wp","href":"https:\/\/api.w.org\/{rel}","templated":true}]}}