{"id":13,"date":"2024-12-21T13:06:16","date_gmt":"2024-12-21T13:06:16","guid":{"rendered":"https:\/\/tt-spirit.com\/?page_id=13"},"modified":"2025-10-24T09:28:33","modified_gmt":"2025-10-24T09:28:33","slug":"about-us","status":"publish","type":"page","link":"https:\/\/tt-spirit.com\/ro\/about-us\/","title":{"rendered":"INVITATIE LA B.O."},"content":{"rendered":"<div data-elementor-type=\"wp-page\" data-elementor-id=\"13\" class=\"elementor elementor-13\">\n\t\t\t\t<div class=\"elementor-element elementor-element-6c000f3 e-con-full e-flex e-con e-parent\" data-id=\"6c000f3\" data-element_type=\"container\" data-e-type=\"container\" data-settings=\"{&quot;background_background&quot;:&quot;gradient&quot;,&quot;shape_divider_top&quot;:&quot;mountains&quot;}\">\n\t\t\t\t<div class=\"elementor-shape elementor-shape-top\" aria-hidden=\"true\" data-negative=\"false\">\n\t\t\t<svg xmlns=\"http:\/\/www.w3.org\/2000\/svg\" viewbox=\"0 0 1000 100\" preserveaspectratio=\"none\">\n\t<path class=\"elementor-shape-fill\" opacity=\"0.33\" d=\"M473,67.3c-203.9,88.3-263.1-34-320.3,0C66,119.1,0,59.7,0,59.7V0h1000v59.7 c0,0-62.1,26.1-94.9,29.3c-32.8,3.3-62.8-12.3-75.8-22.1C806,49.6,745.3,8.7,694.9,4.7S492.4,59,473,67.3z\"\/>\n\t<path class=\"elementor-shape-fill\" opacity=\"0.66\" d=\"M734,67.3c-45.5,0-77.2-23.2-129.1-39.1c-28.6-8.7-150.3-10.1-254,39.1 s-91.7-34.4-149.2,0C115.7,118.3,0,39.8,0,39.8V0h1000v36.5c0,0-28.2-18.5-92.1-18.5C810.2,18.1,775.7,67.3,734,67.3z\"\/>\n\t<path class=\"elementor-shape-fill\" d=\"M766.1,28.9c-200-57.5-266,65.5-395.1,19.5C242,1.8,242,5.4,184.8,20.6C128,35.8,132.3,44.9,89.9,52.5C28.6,63.7,0,0,0,0 h1000c0,0-9.9,40.9-83.6,48.1S829.6,47,766.1,28.9z\"\/>\n<\/svg>\t\t<\/div>\n\t\t<div class=\"elementor-element elementor-element-0eb3a6f e-con-full e-flex e-con e-child\" data-id=\"0eb3a6f\" data-element_type=\"container\" data-e-type=\"container\">\n\t\t\t\t<div class=\"elementor-element elementor-element-a828c5f elementor-align-center elementor-widget__width-auto elementor-widget elementor-widget-button\" data-id=\"a828c5f\" data-element_type=\"widget\" data-e-type=\"widget\" data-widget_type=\"button.default\">\n\t\t\t\t<div class=\"elementor-widget-container\">\n\t\t\t\t\t\t\t\t\t<div class=\"elementor-button-wrapper\">\n\t\t\t\t\t<a class=\"elementor-button elementor-button-link elementor-size-sm\" href=\"\/ro\/information\/\">\n\t\t\t\t\t\t<span class=\"elementor-button-content-wrapper\">\n\t\t\t\t\t\t\t\t\t<span class=\"elementor-button-text\">INFORMATII<\/span>\n\t\t\t\t\t<\/span>\n\t\t\t\t\t<\/a>\n\t\t\t\t<\/div>\n\t\t\t\t\t\t\t\t<\/div>\n\t\t\t\t<\/div>\n\t\t\t\t<div class=\"elementor-element elementor-element-93f167f elementor-align-center elementor-widget__width-auto elementor-widget elementor-widget-button\" data-id=\"93f167f\" data-element_type=\"widget\" data-e-type=\"widget\" data-widget_type=\"button.default\">\n\t\t\t\t<div class=\"elementor-widget-container\">\n\t\t\t\t\t\t\t\t\t<div class=\"elementor-button-wrapper\">\n\t\t\t\t\t<a class=\"elementor-button elementor-button-link elementor-size-sm\" href=\"\/ro\/tournament-registration\/\">\n\t\t\t\t\t\t<span class=\"elementor-button-content-wrapper\">\n\t\t\t\t\t\t\t\t\t<span class=\"elementor-button-text\">B.O. \u00ceNSCRIERI<\/span>\n\t\t\t\t\t<\/span>\n\t\t\t\t\t<\/a>\n\t\t\t\t<\/div>\n\t\t\t\t\t\t\t\t<\/div>\n\t\t\t\t<\/div>\n\t\t\t\t<div class=\"elementor-element elementor-element-b940f56 elementor-align-center elementor-widget__width-auto elementor-widget elementor-widget-button\" data-id=\"b940f56\" data-element_type=\"widget\" data-e-type=\"widget\" data-widget_type=\"button.default\">\n\t\t\t\t<div class=\"elementor-widget-container\">\n\t\t\t\t\t\t\t\t\t<div class=\"elementor-button-wrapper\">\n\t\t\t\t\t<a class=\"elementor-button elementor-button-link elementor-size-sm\" href=\"\/ro\/accomodations\/\">\n\t\t\t\t\t\t<span class=\"elementor-button-content-wrapper\">\n\t\t\t\t\t\t\t\t\t<span class=\"elementor-button-text\">CAZARE<\/span>\n\t\t\t\t\t<\/span>\n\t\t\t\t\t<\/a>\n\t\t\t\t<\/div>\n\t\t\t\t\t\t\t\t<\/div>\n\t\t\t\t<\/div>\n\t\t\t\t<div class=\"elementor-element elementor-element-8f04890 elementor-align-center elementor-widget__width-auto elementor-widget elementor-widget-button\" data-id=\"8f04890\" data-element_type=\"widget\" data-e-type=\"widget\" data-widget_type=\"button.default\">\n\t\t\t\t<div class=\"elementor-widget-container\">\n\t\t\t\t\t\t\t\t\t<div class=\"elementor-button-wrapper\">\n\t\t\t\t\t<a class=\"elementor-button elementor-button-link elementor-size-sm\" href=\"\/ro\/results\/\">\n\t\t\t\t\t\t<span class=\"elementor-button-content-wrapper\">\n\t\t\t\t\t\t\t\t\t<span class=\"elementor-button-text\">REZULTATE<\/span>\n\t\t\t\t\t<\/span>\n\t\t\t\t\t<\/a>\n\t\t\t\t<\/div>\n\t\t\t\t\t\t\t\t<\/div>\n\t\t\t\t<\/div>\n\t\t\t\t<div class=\"elementor-element elementor-element-12a1025 elementor-widget elementor-widget-text-editor\" data-id=\"12a1025\" data-element_type=\"widget\" data-e-type=\"widget\" data-widget_type=\"text-editor.default\">\n\t\t\t\t<div class=\"elementor-widget-container\">\n\t\t\t\t\t\t\t\t\t<p><span style=\"font-size: 19px;\">Dragi prieteni,<\/span><\/p><p><span style=\"font-size: 19px;\">Noi suntem echipa <strong>TT-SPIRIT team<\/strong>\u0219i suntem \u00eenc\u00e2nta\u021bi s\u0103 v\u0103 \u00eemp\u0103rt\u0103\u0219im pasiunea pentru tenisul de mas\u0103! \u00cen Rom\u00e2nia, am \u00eenceput s\u0103 organiz\u0103m evenimente de tenis de mas\u0103, furniz\u00e2nd echipament de \u00eenalt\u0103 calitate, iar \u00een cur\u00e2nd, vom oferi servicii \u00een diferite loca\u021bii din \u021bar\u0103.<\/span><\/p><p><span style=\"font-size: 19px;\">Excitingly, in jJune 2026, we will host our 2nd <strong>International<\/strong> <strong>Bucharest<\/strong><strong> Open Table Tennis Tournament<\/strong> in Bucharest!\u00a0<\/span><\/p><p><span style=\"font-size: 19px;\">V\u0103 invit\u0103m cu c\u0103ldur\u0103 s\u0103 fi\u021bi parte la toate evenimentele noastre, al\u0103turi de <strong>International<\/strong> <strong>Bucharest Open Tournament<\/strong> fiind bijuteria coroanei eforturilor noastre. Viziunea noastr\u0103 este s\u0103 g\u0103zduim acest turneu prestigios \u00eentr-un ora\u0219 diferit din Rom\u00e2nia \u00een fiecare an, cre\u00e2nd oportunit\u0103\u021bi de a intra \u00een leg\u0103tur\u0103 cu prietenii din toat\u0103 Rom\u00e2nia \u0219i din \u00eentreaga lume. Acest lucru ne permite, de asemenea, s\u0103 prezent\u0103m farmecul divers al ora\u0219elor Rom\u00e2niei.<\/span><\/p><p><span style=\"font-size: 19px;\">Entuziasmul tot mai mare pentru tenisul de mas\u0103 \u0219i participarea tot mai mare la evenimentele noastre ne inspir\u0103 \u0219i ne motiveaz\u0103 s\u0103 atingem noi culmi. Adres\u0103m o invita\u021bie sincer\u0103 juc\u0103torilor din diferite \u021b\u0103ri s\u0103 ni se al\u0103ture la Bucure\u0219ti pentru prima noastr\u0103<strong> International Bucharest Open Tournament<\/strong>.<\/span><\/p><p><span style=\"font-size: 19px;\">Evenimentul va avea loc la sala de sport din cadrul <strong>SUN PLAZA SHOPPING MALL<\/strong>, o loca\u021bie excelent\u0103 \u00een inima ora\u0219ului.<\/span><\/p><p><span style=\"font-size: 19px;\">A\u0219tept\u0103m cu ner\u0103bdare s\u0103 v\u0103 ur\u0103m bun venit la turneul nostru interna\u021bional inaugural \u0219i s\u0103 \u00eemp\u0103rt\u0103\u0219im \u00eempreun\u0103 aceast\u0103 experien\u021b\u0103 incredibil\u0103.<\/span><\/p><p><span style=\"font-size: 19px;\">Salut\u0103ri calde,<\/span><br style=\"font-size: 19px;\" \/><span style=\"font-size: 19px;\">Echipa de organizare<\/span><\/p>\t\t\t\t\t\t\t\t<\/div>\n\t\t\t\t<\/div>\n\t\t\t\t<\/div>\n\t\t\t\t<\/div>\n\t\t\t\t<\/div>","protected":false},"excerpt":{"rendered":"<p>INFORMATION B.O. REGISTRATIONS ACCOMODATIONS RESULTS Dear Friends, We are the TT-SPIRIT team, and we\u2019re thrilled to share our passion for table tennis with you! In Romania, we have started organizing table tennis events, supplying high-quality equipment, and soon, we\u2019ll be offering services at various venues across the country. Excitingly, in jJune 2026, we will host [&hellip;]<\/p>\n","protected":false},"author":1,"featured_media":0,"parent":0,"menu_order":0,"comment_status":"closed","ping_status":"closed","template":"","meta":{"footnotes":""},"class_list":["post-13","page","type-page","status-publish","hentry"],"blocksy_meta":[],"_links":{"self":[{"href":"https:\/\/tt-spirit.com\/ro\/wp-json\/wp\/v2\/pages\/13","targetHints":{"allow":["GET"]}}],"collection":[{"href":"https:\/\/tt-spirit.com\/ro\/wp-json\/wp\/v2\/pages"}],"about":[{"href":"https:\/\/tt-spirit.com\/ro\/wp-json\/wp\/v2\/types\/page"}],"author":[{"embeddable":true,"href":"https:\/\/tt-spirit.com\/ro\/wp-json\/wp\/v2\/users\/1"}],"replies":[{"embeddable":true,"href":"https:\/\/tt-spirit.com\/ro\/wp-json\/wp\/v2\/comments?post=13"}],"version-history":[{"count":81,"href":"https:\/\/tt-spirit.com\/ro\/wp-json\/wp\/v2\/pages\/13\/revisions"}],"predecessor-version":[{"id":2433,"href":"https:\/\/tt-spirit.com\/ro\/wp-json\/wp\/v2\/pages\/13\/revisions\/2433"}],"wp:attachment":[{"href":"https:\/\/tt-spirit.com\/ro\/wp-json\/wp\/v2\/media?parent=13"}],"curies":[{"name":"wp","href":"https:\/\/api.w.org\/{rel}","templated":true}]}}