{"id":1455,"date":"2024-12-31T12:49:28","date_gmt":"2024-12-31T12:49:28","guid":{"rendered":"https:\/\/tt-spirit.com\/?page_id=1455"},"modified":"2025-01-09T20:20:09","modified_gmt":"2025-01-09T20:20:09","slug":"about-us-2","status":"publish","type":"page","link":"https:\/\/tt-spirit.com\/ro\/about-us-2\/","title":{"rendered":"DESPRE NOI"},"content":{"rendered":"<div data-elementor-type=\"wp-page\" data-elementor-id=\"1455\" class=\"elementor elementor-1455\">\n\t\t\t\t<div class=\"elementor-element elementor-element-1b88848c e-flex e-con-boxed e-con e-parent\" data-id=\"1b88848c\" data-element_type=\"container\" data-e-type=\"container\">\n\t\t\t\t\t<div class=\"e-con-inner\">\n\t\t\t\t<div class=\"elementor-element elementor-element-42261a14 elementor-widget elementor-widget-text-editor\" data-id=\"42261a14\" data-element_type=\"widget\" data-e-type=\"widget\" data-widget_type=\"text-editor.default\">\n\t\t\t\t<div class=\"elementor-widget-container\">\n\t\t\t\t\t\t\t\t\t<hr \/><hr \/>\n<p>\u00a0<\/p>\n<p>Dragi prieteni,<\/p>\n<p><!-- \/wp:paragraph --><!-- wp:paragraph --><\/p>\n<p>Noi suntem echipa <strong>TT-SPIRIT team<\/strong>\u0219i suntem \u00eenc\u00e2nta\u021bi s\u0103 v\u0103 \u00eemp\u0103rt\u0103\u0219im pasiunea pentru tenisul de mas\u0103! \u00cen Rom\u00e2nia, am \u00eenceput s\u0103 organiz\u0103m evenimente de tenis de mas\u0103, furniz\u00e2nd echipament de \u00eenalt\u0103 calitate, iar \u00een cur\u00e2nd, vom oferi servicii \u00een diferite loca\u021bii din \u021bar\u0103.<\/p>\n<p><!-- \/wp:paragraph --><!-- wp:paragraph --><\/p>\n<p>\u00cen mod emo\u021bionant, \u00een august 2025, vom g\u0103zdui primul nostru <strong>International Veterans (Masters) Table Tennis Tournament<\/strong> in Bucuresti! \u00cenainte de acest eveniment de hotar, vom \u00eencepe \u0219i <strong>TT SPIRIT TABLE TENNIS TOURNAMENTS<\/strong> \u00eencep\u00e2nd din februarie 2025.<\/p>\n<p><!-- \/wp:paragraph --><!-- wp:paragraph --><\/p>\n<p>V\u0103 invit\u0103m cu c\u0103ldur\u0103 s\u0103 fi\u021bi parte la toate evenimentele noastre, al\u0103turi de <strong>International Veterans (Masters) Tournament<\/strong> fiind bijuteria coroanei eforturilor noastre. Viziunea noastr\u0103 este s\u0103 g\u0103zduim acest turneu prestigios \u00eentr-un ora\u0219 diferit din Rom\u00e2nia \u00een fiecare an, cre\u00e2nd oportunit\u0103\u021bi de a intra \u00een leg\u0103tur\u0103 cu prietenii din toat\u0103 Rom\u00e2nia \u0219i din \u00eentreaga lume. Acest lucru ne permite, de asemenea, s\u0103 prezent\u0103m farmecul divers al ora\u0219elor Rom\u00e2niei.<\/p>\n<p><!-- \/wp:paragraph --><!-- wp:paragraph --><\/p>\n<p>Entuziasmul tot mai mare pentru tenisul de mas\u0103 \u0219i participarea tot mai mare la evenimentele noastre ne inspir\u0103 \u0219i ne motiveaz\u0103 s\u0103 atingem noi culmi. Adres\u0103m o invita\u021bie sincer\u0103 juc\u0103torilor din diferite \u021b\u0103ri s\u0103 ni se al\u0103ture la Bucure\u0219ti pentru prima noastr\u0103 <strong>International Veterans (Masters) Tournament<\/strong>.<\/p>\n<p><!-- \/wp:paragraph --><!-- wp:paragraph --><\/p>\n<p>Evenimentul va avea loc la sala de sport din cadrul <strong>SUN PLAZA SHOPPING MALL<\/strong>, o loca\u021bie excelent\u0103 \u00een inima ora\u0219ului.<\/p>\n<p><!-- \/wp:paragraph --><!-- wp:paragraph --><\/p>\n<p>We eagerly look forward to welcoming you to our tournaments and sharing this incredible experience together.<\/p>\n<p><!-- \/wp:paragraph --><!-- wp:paragraph --><\/p>\n<p>Salut\u0103ri calde,<br \/><strong>Echipa de organizare<\/strong><\/p>\n<p><!-- \/wp:paragraph --><\/p>\t\t\t\t\t\t\t\t<\/div>\n\t\t\t\t<\/div>\n\t\t\t\t\t<\/div>\n\t\t\t\t<\/div>\n\t\t<div class=\"elementor-element elementor-element-bc1ec8f e-flex e-con-boxed e-con e-parent\" data-id=\"bc1ec8f\" data-element_type=\"container\" data-e-type=\"container\">\n\t\t\t\t\t<div class=\"e-con-inner\">\n\t\t\t\t\t<\/div>\n\t\t\t\t<\/div>\n\t\t\t\t<\/div>","protected":false},"excerpt":{"rendered":"<p>\u00a0 Dear Friends, We are the TT-SPIRIT team, and we\u2019re thrilled to share our passion for table tennis with you! In Romania, we have started organizing table tennis events, supplying high-quality equipment, and soon, we\u2019ll be offering services at various venues across the country. Excitingly, in August 2025, we will host our very first International [&hellip;]<\/p>\n","protected":false},"author":1,"featured_media":0,"parent":0,"menu_order":0,"comment_status":"closed","ping_status":"closed","template":"","meta":{"footnotes":""},"class_list":["post-1455","page","type-page","status-publish","hentry"],"blocksy_meta":[],"_links":{"self":[{"href":"https:\/\/tt-spirit.com\/ro\/wp-json\/wp\/v2\/pages\/1455","targetHints":{"allow":["GET"]}}],"collection":[{"href":"https:\/\/tt-spirit.com\/ro\/wp-json\/wp\/v2\/pages"}],"about":[{"href":"https:\/\/tt-spirit.com\/ro\/wp-json\/wp\/v2\/types\/page"}],"author":[{"embeddable":true,"href":"https:\/\/tt-spirit.com\/ro\/wp-json\/wp\/v2\/users\/1"}],"replies":[{"embeddable":true,"href":"https:\/\/tt-spirit.com\/ro\/wp-json\/wp\/v2\/comments?post=1455"}],"version-history":[{"count":34,"href":"https:\/\/tt-spirit.com\/ro\/wp-json\/wp\/v2\/pages\/1455\/revisions"}],"predecessor-version":[{"id":1909,"href":"https:\/\/tt-spirit.com\/ro\/wp-json\/wp\/v2\/pages\/1455\/revisions\/1909"}],"wp:attachment":[{"href":"https:\/\/tt-spirit.com\/ro\/wp-json\/wp\/v2\/media?parent=1455"}],"curies":[{"name":"wp","href":"https:\/\/api.w.org\/{rel}","templated":true}]}}