{"id":164,"date":"2024-12-23T10:44:27","date_gmt":"2024-12-23T10:44:27","guid":{"rendered":"https:\/\/tt-spirit.com\/?page_id=164"},"modified":"2025-10-24T10:38:27","modified_gmt":"2025-10-24T10:38:27","slug":"tournament-registration","status":"publish","type":"page","link":"https:\/\/tt-spirit.com\/ro\/tournament-registration\/","title":{"rendered":"B.O. \u00ceNSCRIERI"},"content":{"rendered":"<div data-elementor-type=\"wp-page\" data-elementor-id=\"164\" class=\"elementor elementor-164\">\n\t\t\t\t<div class=\"elementor-element elementor-element-c0fb08d e-flex e-con-boxed e-con e-parent\" data-id=\"c0fb08d\" data-element_type=\"container\" data-e-type=\"container\">\n\t\t\t\t\t<div class=\"e-con-inner\">\n\t\t\t\t<div class=\"elementor-element elementor-element-ff11d2b elementor-align-center elementor-widget__width-auto elementor-widget elementor-widget-button\" data-id=\"ff11d2b\" data-element_type=\"widget\" data-e-type=\"widget\" data-widget_type=\"button.default\">\n\t\t\t\t<div class=\"elementor-widget-container\">\n\t\t\t\t\t\t\t\t\t<div class=\"elementor-button-wrapper\">\n\t\t\t\t\t<a class=\"elementor-button elementor-button-link elementor-size-sm\" href=\"\/ro\/about-us\/\">\n\t\t\t\t\t\t<span class=\"elementor-button-content-wrapper\">\n\t\t\t\t\t\t\t\t\t<span class=\"elementor-button-text\">INVITATIE LA B.O.<\/span>\n\t\t\t\t\t<\/span>\n\t\t\t\t\t<\/a>\n\t\t\t\t<\/div>\n\t\t\t\t\t\t\t\t<\/div>\n\t\t\t\t<\/div>\n\t\t\t\t<div class=\"elementor-element elementor-element-7c6132d elementor-align-center elementor-widget__width-auto elementor-widget elementor-widget-button\" data-id=\"7c6132d\" data-element_type=\"widget\" data-e-type=\"widget\" data-widget_type=\"button.default\">\n\t\t\t\t<div class=\"elementor-widget-container\">\n\t\t\t\t\t\t\t\t\t<div class=\"elementor-button-wrapper\">\n\t\t\t\t\t<a class=\"elementor-button elementor-button-link elementor-size-sm\" href=\"\/ro\/information\/\">\n\t\t\t\t\t\t<span class=\"elementor-button-content-wrapper\">\n\t\t\t\t\t\t\t\t\t<span class=\"elementor-button-text\">INFORMATII<\/span>\n\t\t\t\t\t<\/span>\n\t\t\t\t\t<\/a>\n\t\t\t\t<\/div>\n\t\t\t\t\t\t\t\t<\/div>\n\t\t\t\t<\/div>\n\t\t\t\t<div class=\"elementor-element elementor-element-5076534 elementor-align-center elementor-widget__width-auto elementor-widget elementor-widget-button\" data-id=\"5076534\" data-element_type=\"widget\" data-e-type=\"widget\" data-widget_type=\"button.default\">\n\t\t\t\t<div class=\"elementor-widget-container\">\n\t\t\t\t\t\t\t\t\t<div class=\"elementor-button-wrapper\">\n\t\t\t\t\t<a class=\"elementor-button elementor-button-link elementor-size-sm\" href=\"\/ro\/accomodations\/\">\n\t\t\t\t\t\t<span class=\"elementor-button-content-wrapper\">\n\t\t\t\t\t\t\t\t\t<span class=\"elementor-button-text\">CAZARE<\/span>\n\t\t\t\t\t<\/span>\n\t\t\t\t\t<\/a>\n\t\t\t\t<\/div>\n\t\t\t\t\t\t\t\t<\/div>\n\t\t\t\t<\/div>\n\t\t\t\t<div class=\"elementor-element elementor-element-1d5e555 elementor-align-center elementor-widget__width-auto elementor-widget elementor-widget-button\" data-id=\"1d5e555\" data-element_type=\"widget\" data-e-type=\"widget\" data-widget_type=\"button.default\">\n\t\t\t\t<div class=\"elementor-widget-container\">\n\t\t\t\t\t\t\t\t\t<div class=\"elementor-button-wrapper\">\n\t\t\t\t\t<a class=\"elementor-button elementor-button-link elementor-size-sm\" href=\"\/ro\/results\/\">\n\t\t\t\t\t\t<span class=\"elementor-button-content-wrapper\">\n\t\t\t\t\t\t\t\t\t<span class=\"elementor-button-text\">REZULTATE<\/span>\n\t\t\t\t\t<\/span>\n\t\t\t\t\t<\/a>\n\t\t\t\t<\/div>\n\t\t\t\t\t\t\t\t<\/div>\n\t\t\t\t<\/div>\n\t\t\t\t<div class=\"elementor-element elementor-element-a74d351 elementor-widget elementor-widget-text-editor\" data-id=\"a74d351\" data-element_type=\"widget\" data-e-type=\"widget\" data-widget_type=\"text-editor.default\">\n\t\t\t\t<div class=\"elementor-widget-container\">\n\t\t\t\t\t\t\t\t\t<p><strong>Informa\u021bii de \u00eenregistrare<\/strong><\/p><p><span style=\"text-decoration: underline; color: #ff0000;\"><strong>Registration Deadline\u00a0\u00a0\u00a0\u00a0\u00a0\u00a0\u00a0 : June 10, 2026.<\/strong><\/span><\/p><p>Avem o limit\u0103 de \u00eenregistrare de 220 de juc\u0103tori \u0219i cererile depuse dup\u0103 termenul limit\u0103 pot fi luate \u00een considerare dac\u0103 limita permite.<\/p><p><strong>Application Process for the International Bucharest Open and Veterans (Masters) Table Tennis Tournament 2026<\/strong><\/p><p><strong>Instruc\u021biuni pentru \u00eenregistrarea online:<\/strong><\/p><p>You can do your registrations through our form\u00a0<a href=\"https:\/\/form.jotform.com\/252962821860361\"><span style=\"text-decoration: underline;\"><strong><span style=\"font-family: inherit; font-size: inherit; font-style: inherit; font-variant-ligatures: inherit; font-variant-caps: inherit; text-align: var(--text-align); color: #3366ff; letter-spacing: var(--theme-letter-spacing); text-transform: var(--theme-text-transform); text-decoration: underline;\">https:\/\/form.jotform.com\/250543131148347<\/span><\/strong><\/span><\/a><\/p><p>or<\/p><ol><li><strong>Crea\u021bi un cont:<\/strong><ul><li>Acceseaza <strong><a href=\"http:\/\/www.tournamentsoftware.com\/member\/signup.aspx\">Tournament Software Sign-Up<\/a>.<\/strong><\/li><li>Furniza\u021bi informa\u021bii personale exacte, inclusiv data dumneavoastr\u0103 de na\u0219tere, care sunt esen\u021biale pentru clasificarea turneului.<\/li><li>Dup\u0103 \u00eenregistrare, confirma\u021bi adresa dvs. de e-mail urm\u00e2nd linkul de activare trimis \u00een c\u0103su\u021ba dvs. de e-mail.<\/li><\/ul><\/li><li><strong>Trimite\u021bi \u00eenscrierea la turneu:<\/strong><ul><li>Naviga\u021bi la pagina de \u00eenregistrare a turneului din linkul de mai jos.<\/li><li><strong><span style=\"text-decoration: underline;\"><a href=\"https:\/\/www.tournamentsoftware.com\/tournament\/0e02a9ba-0b15-4da1-874f-d203925a0a29\">2026 BUCHAREST MASTERS OPEN | Tournamentsoftware.com<\/a><\/span><\/strong><\/li><li>Selecta\u021bi \u201eIntrare online cu contul dvs. curent\u201d.<\/li><li><strong>Completa\u021bi formularul de \u00eenscriere \u00een cinci pa\u0219i:<\/strong><ol><li>Acord                             : Recunoa\u0219te\u021bi \u0219i accepta\u021bi regulamentul turneului.<\/li><li>Detalii personale                     : Asigura\u021bi-v\u0103 c\u0103 toate informa\u021biile personale sunt corecte.<\/li><li>Selectarea evenimentului                       :<ul><li>Alege\u021bi evenimentele la care dori\u021bi s\u0103 participa\u021bi.<\/li><li>Pentru evenimentele de dublu, dac\u0103 nu ave\u021bi un partener, selecta\u021bi \u201e\u00cenc\u0103 caut un partener\u201d.<\/li><\/ul><\/li><li>Examinare                                     : verifica\u021bi exactitatea tuturor informa\u021biilor introduse.<\/li><li>Trimitere \u00a0: trimite\u021bi \u00eenregistrarea.<\/li><\/ol><\/li><\/ul><\/li><\/ol><p><strong>Note importante:<\/strong><\/p><ul><li>Fiecare participant trebuie s\u0103 completeze o \u00eenregistrare separat\u0103 at\u00e2t pentru evenimentele individuale, c\u00e2t \u0219i pentru cele de dublu.<\/li><li>Participan\u021bii pot \u00eenscrie categoria de v\u00e2rst\u0103 respectiv\u0103 \u0219i turneul Open.<\/li><li>Pentru regulamentul detaliat al turneului, v\u0103 rug\u0103m s\u0103 consulta\u021bi ordonan\u021ba oficial\u0103.<\/li><li>Listele de participan\u021bi sunt <span style=\"text-decoration: underline;\"><strong>actualizate periodic<\/strong><\/span>; v\u0103 rug\u0103m s\u0103 verifica\u021bi cele mai recente informa\u021bii.<\/li><li><strong><a href=\"https:\/\/www.tournamentsoftware.com\/tournament\/0E02A9BA-0B15-4DA1-874F-D203925A0A29\/players\">Players &#8211; 2026 BUCHAREST MASTERS OPEN | Tournamentsoftware.com<\/a><\/strong><\/li><\/ul><p>Pentru asisten\u021b\u0103 suplimentar\u0103, v\u0103 rug\u0103m s\u0103 contacta\u021bi organizatorii turneului.<\/p>\t\t\t\t\t\t\t\t<\/div>\n\t\t\t\t<\/div>\n\t\t\t\t\t<\/div>\n\t\t\t\t<\/div>\n\t\t\t\t<\/div>","protected":false},"excerpt":{"rendered":"<p>INVITATION TO B.O. INFORMATION ACCOMODATIONS RESULTS Registration Information Registration Deadline\u00a0\u00a0\u00a0\u00a0\u00a0\u00a0\u00a0 : June 10, 2026. We have 220 player registration limit and applications submitted after the deadline may be considered if the limit permits. Application Process for the International Bucharest Open and Veterans (Masters) Table Tennis Tournament 2026 Instructions for Online Registration: You can do your [&hellip;]<\/p>\n","protected":false},"author":1,"featured_media":0,"parent":0,"menu_order":0,"comment_status":"closed","ping_status":"closed","template":"","meta":{"footnotes":""},"class_list":["post-164","page","type-page","status-publish","hentry"],"blocksy_meta":[],"_links":{"self":[{"href":"https:\/\/tt-spirit.com\/ro\/wp-json\/wp\/v2\/pages\/164","targetHints":{"allow":["GET"]}}],"collection":[{"href":"https:\/\/tt-spirit.com\/ro\/wp-json\/wp\/v2\/pages"}],"about":[{"href":"https:\/\/tt-spirit.com\/ro\/wp-json\/wp\/v2\/types\/page"}],"author":[{"embeddable":true,"href":"https:\/\/tt-spirit.com\/ro\/wp-json\/wp\/v2\/users\/1"}],"replies":[{"embeddable":true,"href":"https:\/\/tt-spirit.com\/ro\/wp-json\/wp\/v2\/comments?post=164"}],"version-history":[{"count":48,"href":"https:\/\/tt-spirit.com\/ro\/wp-json\/wp\/v2\/pages\/164\/revisions"}],"predecessor-version":[{"id":2456,"href":"https:\/\/tt-spirit.com\/ro\/wp-json\/wp\/v2\/pages\/164\/revisions\/2456"}],"wp:attachment":[{"href":"https:\/\/tt-spirit.com\/ro\/wp-json\/wp\/v2\/media?parent=164"}],"curies":[{"name":"wp","href":"https:\/\/api.w.org\/{rel}","templated":true}]}}