{"id":665,"date":"2024-12-24T18:39:04","date_gmt":"2024-12-24T18:39:04","guid":{"rendered":"https:\/\/tt-spirit.com\/?page_id=665"},"modified":"2025-05-13T17:59:00","modified_gmt":"2025-05-13T17:59:00","slug":"invitation","status":"publish","type":"page","link":"https:\/\/tt-spirit.com\/ro\/invitation\/","title":{"rendered":"INVITA\u0162IE"},"content":{"rendered":"<div data-elementor-type=\"wp-page\" data-elementor-id=\"665\" class=\"elementor elementor-665\">\n\t\t\t\t<div class=\"elementor-element elementor-element-4e049686 e-flex e-con-boxed e-con e-parent\" data-id=\"4e049686\" data-element_type=\"container\" data-e-type=\"container\">\n\t\t\t\t\t<div class=\"e-con-inner\">\n\t\t\t\t<div class=\"elementor-element elementor-element-47619c7 elementor-align-left elementor-widget__width-auto elementor-widget elementor-widget-button\" data-id=\"47619c7\" data-element_type=\"widget\" data-e-type=\"widget\" data-widget_type=\"button.default\">\n\t\t\t\t<div class=\"elementor-widget-container\">\n\t\t\t\t\t\t\t\t\t<div class=\"elementor-button-wrapper\">\n\t\t\t\t\t<a class=\"elementor-button elementor-button-link elementor-size-sm\" href=\"\/ro\/planned-schedule\/\">\n\t\t\t\t\t\t<span class=\"elementor-button-content-wrapper\">\n\t\t\t\t\t\t\t\t\t<span class=\"elementor-button-text\">PROGRAM PLANIFICAT<\/span>\n\t\t\t\t\t<\/span>\n\t\t\t\t\t<\/a>\n\t\t\t\t<\/div>\n\t\t\t\t\t\t\t\t<\/div>\n\t\t\t\t<\/div>\n\t\t\t\t<div class=\"elementor-element elementor-element-2467cfc elementor-align-left elementor-widget__width-auto elementor-widget elementor-widget-button\" data-id=\"2467cfc\" data-element_type=\"widget\" data-e-type=\"widget\" data-widget_type=\"button.default\">\n\t\t\t\t<div class=\"elementor-widget-container\">\n\t\t\t\t\t\t\t\t\t<div class=\"elementor-button-wrapper\">\n\t\t\t\t\t<a class=\"elementor-button elementor-button-link elementor-size-sm\" href=\"\/ro\/wellcome\/\">\n\t\t\t\t\t\t<span class=\"elementor-button-content-wrapper\">\n\t\t\t\t\t\t\t\t\t<span class=\"elementor-button-text\">WELCOME<\/span>\n\t\t\t\t\t<\/span>\n\t\t\t\t\t<\/a>\n\t\t\t\t<\/div>\n\t\t\t\t\t\t\t\t<\/div>\n\t\t\t\t<\/div>\n\t\t\t\t<div class=\"elementor-element elementor-element-d478cc0 elementor-align-left elementor-widget__width-auto elementor-widget elementor-widget-button\" data-id=\"d478cc0\" data-element_type=\"widget\" data-e-type=\"widget\" data-widget_type=\"button.default\">\n\t\t\t\t<div class=\"elementor-widget-container\">\n\t\t\t\t\t\t\t\t\t<div class=\"elementor-button-wrapper\">\n\t\t\t\t\t<a class=\"elementor-button elementor-button-link elementor-size-sm\" href=\"\/ro\/registration\/\">\n\t\t\t\t\t\t<span class=\"elementor-button-content-wrapper\">\n\t\t\t\t\t\t\t\t\t<span class=\"elementor-button-text\">\u00ceNSCRIERI<\/span>\n\t\t\t\t\t<\/span>\n\t\t\t\t\t<\/a>\n\t\t\t\t<\/div>\n\t\t\t\t\t\t\t\t<\/div>\n\t\t\t\t<\/div>\n\t\t\t\t<div class=\"elementor-element elementor-element-6f0bd46 elementor-align-left elementor-widget__width-auto elementor-widget elementor-widget-button\" data-id=\"6f0bd46\" data-element_type=\"widget\" data-e-type=\"widget\" data-widget_type=\"button.default\">\n\t\t\t\t<div class=\"elementor-widget-container\">\n\t\t\t\t\t\t\t\t\t<div class=\"elementor-button-wrapper\">\n\t\t\t\t\t<a class=\"elementor-button elementor-button-link elementor-size-sm\" href=\"\/ro\/tournament-results\/\">\n\t\t\t\t\t\t<span class=\"elementor-button-content-wrapper\">\n\t\t\t\t\t\t\t\t\t<span class=\"elementor-button-text\">REZULTATELE TURNELOR<\/span>\n\t\t\t\t\t<\/span>\n\t\t\t\t\t<\/a>\n\t\t\t\t<\/div>\n\t\t\t\t\t\t\t\t<\/div>\n\t\t\t\t<\/div>\n\t\t\t\t<div class=\"elementor-element elementor-element-16be9b37 elementor-widget__width-inherit elementor-widget elementor-widget-text-editor\" data-id=\"16be9b37\" data-element_type=\"widget\" data-e-type=\"widget\" data-widget_type=\"text-editor.default\">\n\t\t\t\t<div class=\"elementor-widget-container\">\n\t\t\t\t\t\t\t\t\t<p><strong>INFORMA\u021aII TURNEURI<\/strong><\/p>\n<p><!-- \/wp:paragraph --><!-- wp:paragraph --><\/p>\n<p>Turneu deschis de tenis de mas\u0103 (single)<\/p>\n<p><span style=\"text-decoration: underline;\">June 08, 2025<\/span><\/p>\n<p><!-- \/wp:paragraph --><!-- wp:paragraph --><\/p>\n<p><!-- \/wp:paragraph --><!-- wp:paragraph --><\/p>\n<p><strong>ORGANIZATOR<\/strong><\/p>\n<p><!-- \/wp:paragraph --><!-- wp:paragraph --><\/p>\n<p>Echipa de organizare TT-SPIRIT<\/p>\n<p><!-- \/wp:paragraph --><!-- wp:paragraph --><\/p>\n<p><strong>DIRECTORII DE TURNE \u0219i INFORMA\u021aII DE CONTACT<\/strong><\/p>\n<p><!-- \/wp:paragraph --><!-- wp:list --><\/p>\n<ul>\n<li style=\"list-style-type: none;\">\n<ul><!-- wp:list-item --><\/ul>\n<\/li>\n<li>Andrei Macarenco\u00a0 \u00a0 \u00a0 \u00a0 \u00a0 \u00a0: +40 770 302 990<\/li>\n<li>Murat Eri\u015f\u00a0\u00a0\u00a0\u00a0\u00a0\u00a0\u00a0\u00a0\u00a0\u00a0\u00a0\u00a0\u00a0\u00a0\u00a0\u00a0\u00a0\u00a0\u00a0\u00a0\u00a0\u00a0\u00a0 : +40 730 002 939<\/li>\n<li>\u00a0\u00a0\u00a0\u00a0\u00a0\u00a0\u00a0\u00a0\u00a0\u00a0\u00a0\u00a0\u00a0\u00a0\u00a0\u00a0\u00a0\u00a0\u00a0\u00a0\u00a0\u00a0\u00a0\u00a0\u00a0\u00a0\u00a0\u00a0\u00a0\u00a0\u00a0\u00a0\u00a0 \u00a0\u00a0\u00a0\u00a0\u00a0 : info@tt-spirit.com<\/li>\n<\/ul>\n<p><strong style=\"font-family: inherit; font-size: inherit; font-style: inherit; font-variant-ligatures: inherit; font-variant-caps: inherit; text-align: var(--text-align); color: var(--theme-text-color); letter-spacing: var(--theme-letter-spacing); text-transform: var(--theme-text-transform);\">LOCATIE<\/strong><\/p>\n<p><!-- \/wp:paragraph --><!-- wp:paragraph --><\/p>\n<p>Turneul va avea loc la <strong>SUN PLAZA SHOPPING MALL SALA DE SPORTURI<\/strong>.<\/p>\n<p><!-- \/wp:paragraph --><!-- wp:paragraph --><\/p>\n<p><strong>PREZENTAREA GENERALA A TURNEULUI<\/strong><\/p>\n<p><!-- \/wp:paragraph --><!-- wp:paragraph --><\/p>\n<p>Scopul nostru este s\u0103 oferim un turneu de tenis de mas\u0103 deschis la nivel \u00eenalt, cu facilit\u0103\u021bi excep\u021bionale:<\/p>\n<p>Caracteristici ale arenei:<\/p>\n<ul>\n<li><!-- wp:list -->16 mese KBS (extensibil la 20 de tabele)<\/li>\n<li><!-- \/wp:list-item --><!-- wp:list-item -->Pardoseli cu parchet\u00a0<\/li>\n<\/ul>\n<p><!-- \/wp:list-item --><\/p>\n<p><!-- \/wp:list --><\/p>\n<p><!-- \/wp:list-item --><\/p>\n<p><!-- \/wp:list --><!-- wp:paragraph --><\/p>\n<p><strong>CATEGORII<\/strong><\/p>\n<p><!-- \/wp:paragraph --><!-- wp:paragraph --><\/p>\n<ul>\n<li>Deschide categoria Singles                             : Nu este limitat de v\u00e2rst\u0103<!-- \/wp:paragraph --><!-- wp:paragraph --><\/li>\n<\/ul>\n<p><!-- \/wp:paragraph --><!-- wp:paragraph --><\/p>\n<p><strong>\u00ceNSCRIERI<\/strong><\/p>\n<p><!-- \/wp:paragraph --><!-- wp:list --><\/p>\n<ul>\n<li style=\"list-style-type: none;\">\n<ul><!-- wp:list-item --><\/ul>\n<\/li>\n<li>Site-ul web\u00a0                                      : <a href=\"https:\/\/tt-spirit.com\/ro\/\">www.tt-spirit.com<\/a><\/li>\n<li>Termen limit\u0103                                           : <span style=\"text-decoration: underline;\"><span style=\"color: #ff0000;\"><strong>June 06, 2025<\/strong><\/span><\/span><\/li>\n<\/ul>\n<p><!-- \/wp:list-item --><!-- wp:list-item --><\/p>\n<p><!-- \/wp:list-item --><\/p>\n<p><!-- \/wp:list --><!-- wp:paragraph --><\/p>\n<p>\u00cenregistr\u0103rile cu \u00eent\u00e2rziere pot fi acceptate dac\u0103 limitele sunt disponibile. V\u0103 rug\u0103m s\u0103 fi\u021bi informa\u021bi c\u0103 vom avea o limit\u0103 de 120 de juc\u0103tori pentru \u00eenscrieri la simplu \u0219i 60 la dublu. <span style=\"text-decoration: underline;\"><strong>120 players<\/strong><\/span> limit for singles\u00a0registrations.<\/p>\n<p><!-- \/wp:paragraph --><!-- wp:paragraph --><\/p>\n<p><strong>TAXE DE PARTICIPARE<\/strong><\/p>\n<p><!-- \/wp:paragraph --><!-- wp:list --><\/p>\n<ul>\n<li style=\"list-style-type: none;\">\n<ul><!-- wp:list-item --><\/ul>\n<\/li>\n<li>Categoria deschis\u0103 Singles                               : 60 RON\/juc\u0103tor<\/li>\n<\/ul>\n<p><!-- \/wp:list-item --><\/p>\n<p><!-- \/wp:list --><!-- wp:paragraph --><\/p>\n<p><strong>PROCEDURI DE TRAGERE<\/strong><\/p>\n<p><!-- \/wp:paragraph --><!-- wp:list --><\/p>\n<ul>\n<li style=\"list-style-type: none;\">\n<ul><!-- wp:list-item --><\/ul>\n<\/li>\n<li>Tragerea la sor\u021bi va avea loc \u00eenainte de fiecare eveniment.<\/li>\n<li>Programele, listele de juc\u0103tori \u0219i extragerile vor fi disponibile online la <a href=\"https:\/\/tt-spirit.com\/ro\/\">www.tt-spirit.com<\/a><\/li>\n<li>Vor fi 2 categorii (<strong><span style=\"text-decoration: underline;\">Hobby\/Avansat<\/span><\/strong> and <strong><span style=\"text-decoration: underline;\">Deschis\/Elite<\/span><\/strong>).\u00a0<\/li>\n<li>\u00cen fiecare categorie vor fi \u00eenscri\u0219i maximum 60 de juc\u0103tori.<\/li>\n<li>\n<p><span style=\"text-decoration: underline;\">Categorie Open\/Elite<\/span>; Grupele din prima etap\u0103 de 6 juc\u0103tori, primii 3 se calific\u0103 pentru elimin\u0103ri de Elit\u0103 \u0219i ultimii 3 juc\u0103tori se calific\u0103 pentru elimin\u0103ri deschise.<\/p>\n<\/li>\n<li>\n<p><span style=\"text-decoration: underline;\">Categoria Hobby\/Avansat<\/span>; Grupele din prima etap\u0103 de 6 juc\u0103tori, primii 3 se calific\u0103 pentru elimin\u0103ri avansate \u0219i ultimii 3 juc\u0103tori se calific\u0103 pentru elimin\u0103ri Hobby.<\/p>\n<\/li>\n<li>Dup\u0103 meciurile din grup\u0103 se vor juca meciuri eliminatorii<\/li>\n<li>\n<p>Dup\u0103 meciurile grupului, tabelele de eliminare sunt generate automat.<\/p>\n<\/li>\n<\/ul>\n<p><strong>PROGRAM<\/strong><\/p>\n<p><!-- \/wp:list-item --><!-- wp:list-item --><\/p>\n<p><span style=\"text-decoration: underline;\"><strong>15\/02\/2025 SAMBATA<\/strong><\/span><\/p>\n<ul>\n<li>08:00 \u2013 08:45\u00a0 \u00a0 \u00a0 \u00a0 \u00a0 \u00a0 \u00a0 \u00a0 \u00a0 \u00a0 \u00a0 \u00a0 \u00a0 \u00a0: Confirmarea particip\u0103rii la Turneul Unic Deschis \u0219i plata taxelor<\/li>\n<li>08:00 \u2013 09:00\u00a0 \u00a0 \u00a0 \u00a0 \u00a0 \u00a0 \u00a0 \u00a0 \u00a0 \u00a0 \u00a0 \u00a0 \u00a0 \u00a0: Acces la mese \u0219i \u00eenc\u0103lzire<\/li>\n<li>09:00 \u2013 14:15\u00a0 \u00a0 \u00a0 \u00a0 \u00a0 \u00a0 \u00a0 \u00a0 \u00a0 \u00a0 \u00a0 \u00a0 \u00a0 \u00a0: Meciuri de grup\u0103<\/li>\n<li>14:15 \u2013 17:00\u00a0 \u00a0 \u00a0 \u00a0 \u00a0 \u00a0 \u00a0 \u00a0 \u00a0 \u00a0 \u00a0 \u00a0 \u00a0 \u00a0: Meciuri de eliminare<\/li>\n<li>17:00 \u2013 17:30\u00a0 \u00a0 \u00a0 \u00a0 \u00a0 \u00a0 \u00a0 \u00a0 \u00a0 \u00a0 \u00a0 \u00a0 \u00a0 \u00a0: Ceremonia de premiere<\/li>\n<\/ul>\n<p><em>Comitetul de Organizare \u00ee\u0219i rezerv\u0103 dreptul de a modifica programul dup\u0103 caz.<\/em><\/p>\n<p><!-- \/wp:paragraph --><!-- wp:paragraph --><\/p>\n<p><strong>TENIS DE MAS\u0102<\/strong><\/p>\n<p><!-- \/wp:paragraph --><!-- wp:list --><\/p>\n<ul>\n<li style=\"list-style-type: none;\">\n<ul><!-- wp:list-item --><\/ul>\n<\/li>\n<li>Mingi oficiale\u00a0 \u00a0 \u00a0 \u00a0 \u00a0 \u00a0 \u00a0 \u00a0 \u00a0 \u00a0 \u00a0 \u00a0 \u00a0 \u00a0 \u00a0 \u00a0: KBS, aprobat de ITTF (***)<!-- \/wp:list-item --><!-- wp:list-item --><\/li>\n<li>Mese\u00a0 \u00a0 \u00a0 \u00a0 \u00a0 \u00a0 \u00a0 \u00a0 \u00a0 \u00a0 \u00a0 \u00a0 \u00a0 \u00a0 \u00a0 \u00a0 \u00a0 \u00a0 \u00a0 \u00a0 \u00a0    \u00a0     : KBS, aprobat ITTF, 25 mm<\/li>\n<\/ul>\n<p><strong style=\"font-family: inherit; font-size: inherit; font-style: inherit; font-variant-ligatures: inherit; font-variant-caps: inherit; text-align: var(--text-align); color: var(--theme-text-color); letter-spacing: var(--theme-letter-spacing); text-transform: var(--theme-text-transform);\">PREMII<\/strong><\/p>\n<p><strong>Open simplu \u0219i dublu:<\/strong><\/p>\n<ul>\n<li style=\"list-style-type: none;\">\n<ul><!-- wp:list-item --><\/ul>\n<\/li>\n<li>Locul I\u00a0 \u00a0 \u00a0 \u00a0 \u00a0 \u00a0 \u00a0 \u00a0 \u00a0 \u00a0 \u00a0 \u00a0 \u00a0 \u00a0 \u00a0 \u00a0 \u00a0 \u00a0 \u00a0 \u00a0 \u00a0 \u00a0 \u00a0 \u00a0 \u00a0 \u00a0 \u00a0 : Cup\u0103, medalie \u0219i certificat<!-- \/wp:list-item --><!-- wp:list-item --><\/li>\n<li>Locul 2\u00a0\u00a0\u00a0\u00a0\u00a0\u00a0\u00a0\u00a0\u00a0 \u00a0\u00a0\u00a0\u00a0\u00a0\u00a0\u00a0\u00a0\u00a0\u00a0\u00a0\u00a0\u00a0 \u00a0\u00a0\u00a0\u00a0\u00a0\u00a0\u00a0\u00a0\u00a0\u00a0\u00a0\u00a0\u00a0\u00a0\u00a0\u00a0\u00a0\u00a0\u00a0\u00a0\u00a0\u00a0\u00a0\u00a0\u00a0\u00a0\u00a0\u00a0 : Medalie \u0219i certificat<!-- \/wp:list-item --><!-- wp:list-item --><\/li>\n<li>Locul 3 (x2)\u00a0\u00a0\u00a0\u00a0\u00a0\u00a0\u00a0\u00a0\u00a0\u00a0\u00a0\u00a0\u00a0\u00a0\u00a0\u00a0\u00a0 \u00a0\u00a0\u00a0\u00a0\u00a0\u00a0\u00a0\u00a0\u00a0\u00a0\u00a0\u00a0\u00a0\u00a0\u00a0\u00a0\u00a0\u00a0\u00a0\u00a0\u00a0\u00a0\u00a0\u00a0\u00a0\u00a0\u00a0\u00a0 : Medalie \u0219i certificat<!-- \/wp:list-item --><!-- wp:list-item --><\/li>\n<li>C\u00e2\u0219tig\u0103torul Consol\u0103rilor\u00a0 \u00a0 \u00a0 \u00a0 \u00a0 \u00a0 \u00a0 \u00a0 \u00a0 \u00a0 \u00a0 \u00a0 \u00a0: Medalie \u0219i certificat<\/li>\n<\/ul>\n<p><!-- \/wp:list-item --><\/p>\n<p><!-- \/wp:list --><\/p>\n<p><!-- \/wp:list-item --><\/p>\n<p><!-- \/wp:list --><!-- wp:paragraph --><\/p>\n<p><strong>CAFENEA \u00ceN AREN\u0102<\/strong><\/p>\n<p><!-- \/wp:paragraph --><!-- wp:paragraph --><\/p>\n<p>La loca\u021bie va fi disponibil\u0103 o cantin\u0103 pe tot parcursul turneului.<\/p>\n<p><!-- \/wp:paragraph --><!-- wp:paragraph --><\/p>\n<p>V\u0103 a\u0219tept\u0103m cu drag la turneele deschise de tenis de mas\u0103. S\u0103 facem din acest eveniment o experien\u021b\u0103 de neuitat pentru to\u021bi participan\u021bii \u0219i spectatorii!\u00a0<\/p>\n<p class=\"translation-block\">Cu stim\u0103,<br>Echipa de organizare<\/p>\n<p><!-- \/wp:paragraph --><\/p>\t\t\t\t\t\t\t\t<\/div>\n\t\t\t\t<\/div>\n\t\t\t\t\t<\/div>\n\t\t\t\t<\/div>\n\t\t\t\t<\/div>","protected":false},"excerpt":{"rendered":"<p>PLANNED SCHEDULE WELCOME REGISTRATIONS TOURNAMENT RESULTS TOURNAMENT INFORMATION Table Tennis Open Tournament (Singles ) June 08, 2025 ORGANIZER TT-SPIRIT Organization Team TOURNAMENT DIRECTORS &amp; CONTACT INFORMATION Andrei Macarenco\u00a0 \u00a0 \u00a0 \u00a0 \u00a0 \u00a0: +40 770 302 990 Murat Eri\u015f\u00a0\u00a0\u00a0\u00a0\u00a0\u00a0\u00a0\u00a0\u00a0\u00a0\u00a0\u00a0\u00a0\u00a0\u00a0\u00a0\u00a0\u00a0\u00a0\u00a0\u00a0\u00a0\u00a0 : +40 730 002 939 \u00a0\u00a0\u00a0\u00a0\u00a0\u00a0\u00a0\u00a0\u00a0\u00a0\u00a0\u00a0\u00a0\u00a0\u00a0\u00a0\u00a0\u00a0\u00a0\u00a0\u00a0\u00a0\u00a0\u00a0\u00a0\u00a0\u00a0\u00a0\u00a0\u00a0\u00a0\u00a0\u00a0 \u00a0\u00a0\u00a0\u00a0\u00a0 : info@tt-spirit.com VENUE The tournament will be held at [&hellip;]<\/p>\n","protected":false},"author":1,"featured_media":0,"parent":0,"menu_order":0,"comment_status":"closed","ping_status":"closed","template":"","meta":{"footnotes":""},"class_list":["post-665","page","type-page","status-publish","hentry"],"blocksy_meta":[],"_links":{"self":[{"href":"https:\/\/tt-spirit.com\/ro\/wp-json\/wp\/v2\/pages\/665","targetHints":{"allow":["GET"]}}],"collection":[{"href":"https:\/\/tt-spirit.com\/ro\/wp-json\/wp\/v2\/pages"}],"about":[{"href":"https:\/\/tt-spirit.com\/ro\/wp-json\/wp\/v2\/types\/page"}],"author":[{"embeddable":true,"href":"https:\/\/tt-spirit.com\/ro\/wp-json\/wp\/v2\/users\/1"}],"replies":[{"embeddable":true,"href":"https:\/\/tt-spirit.com\/ro\/wp-json\/wp\/v2\/comments?post=665"}],"version-history":[{"count":57,"href":"https:\/\/tt-spirit.com\/ro\/wp-json\/wp\/v2\/pages\/665\/revisions"}],"predecessor-version":[{"id":2379,"href":"https:\/\/tt-spirit.com\/ro\/wp-json\/wp\/v2\/pages\/665\/revisions\/2379"}],"wp:attachment":[{"href":"https:\/\/tt-spirit.com\/ro\/wp-json\/wp\/v2\/media?parent=665"}],"curies":[{"name":"wp","href":"https:\/\/api.w.org\/{rel}","templated":true}]}}