{"id":667,"date":"2024-12-24T18:42:48","date_gmt":"2024-12-24T18:42:48","guid":{"rendered":"https:\/\/tt-spirit.com\/?page_id=667"},"modified":"2025-05-13T18:18:41","modified_gmt":"2025-05-13T18:18:41","slug":"registration","status":"publish","type":"page","link":"https:\/\/tt-spirit.com\/ro\/registration\/","title":{"rendered":"\u00ceNSCRIERI"},"content":{"rendered":"<div data-elementor-type=\"wp-page\" data-elementor-id=\"667\" class=\"elementor elementor-667\">\n\t\t\t\t<div class=\"elementor-element elementor-element-6eb4e183 e-con-full e-flex e-con e-parent\" data-id=\"6eb4e183\" data-element_type=\"container\" data-e-type=\"container\">\n\t\t\t\t<div class=\"elementor-element elementor-element-082cd15 elementor-align-center elementor-widget__width-auto elementor-widget elementor-widget-button\" data-id=\"082cd15\" data-element_type=\"widget\" data-e-type=\"widget\" data-widget_type=\"button.default\">\n\t\t\t\t<div class=\"elementor-widget-container\">\n\t\t\t\t\t\t\t\t\t<div class=\"elementor-button-wrapper\">\n\t\t\t\t\t<a class=\"elementor-button elementor-button-link elementor-size-sm\" href=\"\/ro\/planned-schedule\/\">\n\t\t\t\t\t\t<span class=\"elementor-button-content-wrapper\">\n\t\t\t\t\t\t\t\t\t<span class=\"elementor-button-text\">PROGRAM PLANIFICAT<\/span>\n\t\t\t\t\t<\/span>\n\t\t\t\t\t<\/a>\n\t\t\t\t<\/div>\n\t\t\t\t\t\t\t\t<\/div>\n\t\t\t\t<\/div>\n\t\t\t\t<div class=\"elementor-element elementor-element-8a3ec7f elementor-align-center elementor-widget__width-auto elementor-widget elementor-widget-button\" data-id=\"8a3ec7f\" data-element_type=\"widget\" data-e-type=\"widget\" data-widget_type=\"button.default\">\n\t\t\t\t<div class=\"elementor-widget-container\">\n\t\t\t\t\t\t\t\t\t<div class=\"elementor-button-wrapper\">\n\t\t\t\t\t<a class=\"elementor-button elementor-button-link elementor-size-sm\" href=\"\/ro\/wellcome\/\">\n\t\t\t\t\t\t<span class=\"elementor-button-content-wrapper\">\n\t\t\t\t\t\t\t\t\t<span class=\"elementor-button-text\">WELCOME<\/span>\n\t\t\t\t\t<\/span>\n\t\t\t\t\t<\/a>\n\t\t\t\t<\/div>\n\t\t\t\t\t\t\t\t<\/div>\n\t\t\t\t<\/div>\n\t\t\t\t<div class=\"elementor-element elementor-element-f24f577 elementor-align-center elementor-widget__width-auto elementor-widget elementor-widget-button\" data-id=\"f24f577\" data-element_type=\"widget\" data-e-type=\"widget\" data-widget_type=\"button.default\">\n\t\t\t\t<div class=\"elementor-widget-container\">\n\t\t\t\t\t\t\t\t\t<div class=\"elementor-button-wrapper\">\n\t\t\t\t\t<a class=\"elementor-button elementor-button-link elementor-size-sm\" href=\"\/ro\/invitation\/\">\n\t\t\t\t\t\t<span class=\"elementor-button-content-wrapper\">\n\t\t\t\t\t\t\t\t\t<span class=\"elementor-button-text\">INVITA\u0162IE<\/span>\n\t\t\t\t\t<\/span>\n\t\t\t\t\t<\/a>\n\t\t\t\t<\/div>\n\t\t\t\t\t\t\t\t<\/div>\n\t\t\t\t<\/div>\n\t\t\t\t<div class=\"elementor-element elementor-element-4aac584 elementor-align-center elementor-widget__width-auto elementor-widget elementor-widget-button\" data-id=\"4aac584\" data-element_type=\"widget\" data-e-type=\"widget\" data-widget_type=\"button.default\">\n\t\t\t\t<div class=\"elementor-widget-container\">\n\t\t\t\t\t\t\t\t\t<div class=\"elementor-button-wrapper\">\n\t\t\t\t\t<a class=\"elementor-button elementor-button-link elementor-size-sm\" href=\"\/ro\/tournament-results\/\">\n\t\t\t\t\t\t<span class=\"elementor-button-content-wrapper\">\n\t\t\t\t\t\t\t\t\t<span class=\"elementor-button-text\">REZULTATELE TURNELOR<\/span>\n\t\t\t\t\t<\/span>\n\t\t\t\t\t<\/a>\n\t\t\t\t<\/div>\n\t\t\t\t\t\t\t\t<\/div>\n\t\t\t\t<\/div>\n\t\t\t\t<div class=\"elementor-element elementor-element-78730b50 elementor-widget__width-initial elementor-widget elementor-widget-text-editor\" data-id=\"78730b50\" data-element_type=\"widget\" data-e-type=\"widget\" data-widget_type=\"text-editor.default\">\n\t\t\t\t<div class=\"elementor-widget-container\">\n\t\t\t\t\t\t\t\t\t<h2 style=\"text-align: center;\"><strong>\u00ceNSCRIERI<\/strong><\/h2>\n<p>\u00a0<\/p>\n<p><strong>Tournament Date \u00a0\u00a0\u00a0\u00a0\u00a0\u00a0\u00a0\u00a0\u00a0\u00a0\u00a0\u00a0\u00a0\u00a0\u00a0 :<\/strong> <span style=\"text-decoration: underline;\"><strong>June<\/strong><strong><span>\u00a0<\/span>08 -, 2025.<\/strong><\/span><\/p>\n<p><!-- \/wp:paragraph --><!-- wp:paragraph --><\/p>\n<p><strong>Registration Deadline\u00a0 \u00a0 \u00a0 \u00a0 \u00a0 :<\/strong> <span style=\"text-decoration: underline; color: #ff0000;\"><strong>June<\/strong><strong><span style=\"color: #ff0000; text-decoration: underline;\">\u00a00<\/span>6, 2025.<\/strong><\/span><\/p>\n<p><!-- \/wp:paragraph --><!-- wp:paragraph --><\/p>\n<p>Cererile depuse dup\u0103 termenul limit\u0103 pot fi luate \u00een considerare dac\u0103 limita permite. <span style=\"text-decoration: underline;\">Num\u0103rul maxim de participan\u021bi single este de 120.<\/span><\/p>\n<p><!-- \/wp:paragraph --><!-- wp:paragraph --><\/p>\n<p><!-- \/wp:paragraph --><!-- wp:paragraph --><\/p>\n<p>\u00a0<\/p>\n<p><strong style=\"text-align: var(--text-align); color: var(--theme-text-color); font-family: var(--theme-font-family); font-style: var(--theme-font-style, inherit); font-variant-ligatures: inherit; font-variant-caps: inherit; letter-spacing: var(--theme-letter-spacing); text-transform: var(--theme-text-transform);\">Procesul de aplicare pentru <span style=\"text-decoration: underline;\">Open<\/span><\/strong><strong><span style=\"text-decoration: underline;\"> Singles<\/span> Table Tennis Tournament 2025-02<\/strong><\/p>\n<p style=\"font-style: normal; font-variant-ligatures: normal; font-variant-caps: normal; font-weight: 400; font-size: 19px; font-family: -apple-system, BlinkMacSystemFont, 'Segoe UI', Roboto, Helvetica, Arial, sans-serif, 'Apple Color Emoji', 'Segoe UI Emoji', 'Segoe UI Symbol'; margin-block-end: var(--theme-content-spacing);\"><strong>Instruc\u021biuni pentru \u00eenregistrarea online:<\/strong><\/p>\n<ol style=\"font-style: normal; font-variant-ligatures: normal; font-variant-caps: normal; font-weight: 400; font-size: 19px; font-family: -apple-system, BlinkMacSystemFont, 'Segoe UI', Roboto, Helvetica, Arial, sans-serif, 'Apple Color Emoji', 'Segoe UI Emoji', 'Segoe UI Symbol'; padding-inline-start: var(--theme-list-indent); margin-block-end: var(--theme-content-spacing);\">\n<li><strong>Crea\u021bi un cont:<\/strong><br \/>\n<ul style=\"padding-inline-start: var(--theme-list-indent); margin-block-end: var(--theme-content-spacing);\">\n<li>Acceseaza\u00a0<strong><a style=\"transition: var(--theme-transition);\" href=\"http:\/\/www.tournamentsoftware.com\/member\/signup.aspx\">Tournament Software Sign-Up<\/a>.<\/strong><\/li>\n<li>Furniza\u021bi informa\u021bii personale exacte, inclusiv data dumneavoastr\u0103 de na\u0219tere, care sunt esen\u021biale pentru clasificarea turneului.<\/li>\n<li>Dup\u0103 \u00eenregistrare, confirma\u021bi adresa dvs. de e-mail urm\u00e2nd linkul de activare trimis \u00een c\u0103su\u021ba dvs. de e-mail.<\/li>\n<\/ul>\n<\/li>\n<li><strong>Trimite\u021bi \u00eenscrierea la turneu:<\/strong><br \/>\n<ul style=\"padding-inline-start: var(--theme-list-indent); margin-block-end: var(--theme-content-spacing);\">\n<li>Naviga\u021bi la pagina de \u00eenregistrare a turneului din linkul de mai jos.<\/li>\n<li><a href=\"https:\/\/www.tournamentsoftware.com\/tournament\/80B4015D-DDC2-4404-8865-D29366E139BC\"><strong><span style=\"text-decoration-line: underline;\">2025-02 OPEN SINGLES | Tournamentsoftware.com<\/span><\/strong><\/a><\/li>\n<li>Selecta\u021bi \u201eIntrare online cu contul dvs. curent\u201d.<\/li>\n<li><strong>Completa\u021bi formularul de \u00eenscriere \u00een cinci pa\u0219i:<\/strong><br \/>\n<ol style=\"padding-inline-start: var(--theme-list-indent); margin-block-end: var(--theme-content-spacing);\">\n<li>Acord                             : Recunoa\u0219te\u021bi \u0219i accepta\u021bi regulamentul turneului.<\/li>\n<li>Detalii personale                     : Asigura\u021bi-v\u0103 c\u0103 toate informa\u021biile personale sunt corecte.<\/li>\n<li>Selectarea evenimentului                       :<br \/>\n<ul style=\"padding-inline-start: var(--theme-list-indent); margin-block-end: var(--theme-content-spacing);\">\n<li>Alege\u021bi evenimentele la care dori\u021bi s\u0103 participa\u021bi.<\/li>\n<li>Pentru evenimentele de dublu, dac\u0103 nu ave\u021bi un partener, selecta\u021bi \u201e\u00cenc\u0103 caut un partener\u201d.<\/li>\n<\/ul>\n<\/li>\n<li>Examinare                                     : verifica\u021bi exactitatea tuturor informa\u021biilor introduse.<\/li>\n<li>Trimitere \u00a0: trimite\u021bi \u00eenregistrarea.<\/li>\n<\/ol>\n<\/li>\n<\/ul>\n<\/li>\n<\/ol>\n<p style=\"font-style: normal; font-variant-ligatures: normal; font-variant-caps: normal; font-weight: 400; font-size: 19px; font-family: -apple-system, BlinkMacSystemFont, 'Segoe UI', Roboto, Helvetica, Arial, sans-serif, 'Apple Color Emoji', 'Segoe UI Emoji', 'Segoe UI Symbol'; margin-block-end: var(--theme-content-spacing);\"><strong>Note importante:<\/strong><\/p>\n<ul style=\"font-style: normal; font-variant-ligatures: normal; font-variant-caps: normal; font-weight: 400; font-size: 19px; font-family: -apple-system, BlinkMacSystemFont, 'Segoe UI', Roboto, Helvetica, Arial, sans-serif, 'Apple Color Emoji', 'Segoe UI Emoji', 'Segoe UI Symbol'; padding-inline-start: var(--theme-list-indent); margin-block-end: var(--theme-content-spacing);\">\n<li>Fiecare participant trebuie s\u0103 completeze o \u00eenregistrare separat\u0103 at\u00e2t pentru evenimentele individuale, c\u00e2t \u0219i pentru cele de dublu.<\/li>\n<li>Participan\u021bii pot \u00eenscrie categoria de v\u00e2rst\u0103 respectiv\u0103 \u0219i turneul Open.<\/li>\n<li>Pentru regulamentul detaliat al turneului, v\u0103 rug\u0103m s\u0103 consulta\u021bi ordonan\u021ba oficial\u0103.<\/li>\n<li>Listele de participan\u021bi sunt\u00a0<span style=\"text-decoration-line: underline;\"><strong>actualizate periodic<\/strong><\/span>; v\u0103 rug\u0103m s\u0103 verifica\u021bi cele mai recente informa\u021bii.<\/li>\n<li><a href=\"https:\/\/www.tournamentsoftware.com\/tournament\/80B4015D-DDC2-4404-8865-D29366E139BC\/players\"><strong>Players &#8211; 2025-2 OPEN SINGLES | Tournamentsoftware.com<\/strong><\/a><\/li>\n<\/ul>\n<p style=\"font-style: normal; font-variant-ligatures: normal; font-variant-caps: normal; font-weight: 400; font-size: 19px; font-family: -apple-system, BlinkMacSystemFont, 'Segoe UI', Roboto, Helvetica, Arial, sans-serif, 'Apple Color Emoji', 'Segoe UI Emoji', 'Segoe UI Symbol'; margin-block-end: var(--theme-content-spacing);\">Pentru asisten\u021b\u0103 suplimentar\u0103, v\u0103 rug\u0103m s\u0103 contacta\u021bi organizatorii turneului.<\/p>\n<p><!-- \/wp:paragraph --><\/p>\t\t\t\t\t\t\t\t<\/div>\n\t\t\t\t<\/div>\n\t\t\t\t<\/div>\n\t\t\t\t<\/div>","protected":false},"excerpt":{"rendered":"<p>PLANNED SCHEDULE WELCOME INVITATION TOURNAMENT RESULTS REGISTRATIONS \u00a0 Tournament Date \u00a0\u00a0\u00a0\u00a0\u00a0\u00a0\u00a0\u00a0\u00a0\u00a0\u00a0\u00a0\u00a0\u00a0\u00a0 : June\u00a008 -, 2025. Registration Deadline\u00a0 \u00a0 \u00a0 \u00a0 \u00a0 : June\u00a006, 2025. Applications submitted after the deadline may be considered if the limit permits. The maximum number of singles participants is 120. \u00a0 Application Process for the Open Singles Table Tennis Tournament 2025-02 [&hellip;]<\/p>\n","protected":false},"author":1,"featured_media":0,"parent":0,"menu_order":0,"comment_status":"closed","ping_status":"closed","template":"","meta":{"footnotes":""},"class_list":["post-667","page","type-page","status-publish","hentry"],"blocksy_meta":[],"_links":{"self":[{"href":"https:\/\/tt-spirit.com\/ro\/wp-json\/wp\/v2\/pages\/667","targetHints":{"allow":["GET"]}}],"collection":[{"href":"https:\/\/tt-spirit.com\/ro\/wp-json\/wp\/v2\/pages"}],"about":[{"href":"https:\/\/tt-spirit.com\/ro\/wp-json\/wp\/v2\/types\/page"}],"author":[{"embeddable":true,"href":"https:\/\/tt-spirit.com\/ro\/wp-json\/wp\/v2\/users\/1"}],"replies":[{"embeddable":true,"href":"https:\/\/tt-spirit.com\/ro\/wp-json\/wp\/v2\/comments?post=667"}],"version-history":[{"count":74,"href":"https:\/\/tt-spirit.com\/ro\/wp-json\/wp\/v2\/pages\/667\/revisions"}],"predecessor-version":[{"id":2389,"href":"https:\/\/tt-spirit.com\/ro\/wp-json\/wp\/v2\/pages\/667\/revisions\/2389"}],"wp:attachment":[{"href":"https:\/\/tt-spirit.com\/ro\/wp-json\/wp\/v2\/media?parent=667"}],"curies":[{"name":"wp","href":"https:\/\/api.w.org\/{rel}","templated":true}]}}